{"id":70,"date":"2026-04-07T15:38:04","date_gmt":"2026-04-07T13:38:04","guid":{"rendered":"https:\/\/wunderbeeren.at\/tickets\/?post_type=product&#038;p=70"},"modified":"2026-04-08T13:18:18","modified_gmt":"2026-04-08T11:18:18","slug":"saisonkarte-erlebnishof-tulpenfelder","status":"publish","type":"product","link":"https:\/\/wunderbeeren.at\/tickets\/kaufen\/saisonkarte-erlebnishof-tulpenfelder\/","title":{"rendered":"Saisonkarte \u2014 Erlebnishof und Tulpenfelder"},"content":{"rendered":"<p data-start=\"1678\" data-end=\"1875\">Erlebt das Beste aus zwei Welten \u2013 und das so oft ihr m\u00f6chtet!<br data-start=\"1740\" data-end=\"1743\" \/>Mit der Saisonkarte f\u00fcr Erlebnishof &amp; Tulpenfelder genie\u00dft ihr unbegrenzten Zugang zu beiden Highlights w\u00e4hrend der gesamten Saison.<\/p>\n<p data-start=\"1877\" data-end=\"2050\">Der Erlebnishof bietet Spiel, Spa\u00df und Abenteuer f\u00fcr die ganze Familie: Maisbad, Dosenschie\u00dfen, Strohburgen und viele weitere Stationen laden zum Entdecken und Austoben ein.<\/p>\n<p data-start=\"2052\" data-end=\"2254\">Die Tulpenfelder verwandeln die Umgebung in ein beeindruckendes Bl\u00fctenmeer: \u00dcber 500.000 Tulpen aus Holland sorgen f\u00fcr ein farbenfrohes Erlebnis, das zum Staunen, Verweilen und Fotografieren einl\u00e4dt. \ud83c\udf37<\/p>\n<p data-start=\"2256\" data-end=\"2405\">Auch f\u00fcr das leibliche Wohl ist bestens gesorgt (gegen Bezahlung):<br \/>\n\u2615 Kaffee &amp; Sekt<br data-start=\"2320\" data-end=\"2323\" \/>\ud83e\udd50 Hausgemachte Mehlspeisen<br data-start=\"2350\" data-end=\"2353\" \/>\ud83c\udf6a Niederl\u00e4ndische Stroopwafeln<br data-start=\"2384\" data-end=\"2387\" \/>\u2764\ufe0f und vieles mehr<\/p>\n<p data-start=\"2256\" data-end=\"2405\">Die Saisonkarte ist dabei besonders familienfreundlich gestaltet: Die Saisonkarte kostet 35 \u20ac f\u00fcr Erwachsene, 10 \u20ac f\u00fcr das erste Kind und nur 7 \u20ac f\u00fcr jedes weitere Kind.<\/p>\n<p data-start=\"2407\" data-end=\"2529\">Diese Saisonkarte ist ideal f\u00fcr alle, die den Fr\u00fchling intensiv erleben und sowohl Action als auch Natur genie\u00dfen m\u00f6chten.<\/p>\n","protected":false},"excerpt":{"rendered":"<p>Das volle Erlebnis \u2013 so oft ihr wollt! Genie\u00dft unbegrenzten Zugang zum Erlebnishof und zu den farbenpr\u00e4chtigen Tulpenfeldern mit \u00fcber 500.000 Bl\u00fcten.<\/p>\n","protected":false},"author":1,"featured_media":0,"comment_status":"open","ping_status":"closed","template":"","meta":[],"product_brand":[],"product_cat":[17],"product_tag":[],"class_list":{"0":"post-70","1":"product","2":"type-product","3":"status-publish","5":"product_cat-tickets","7":"first","8":"instock","9":"taxable","10":"shipping-taxable","11":"purchasable","12":"product-type-variable","13":"has-default-attributes"},"_links":{"self":[{"href":"https:\/\/wunderbeeren.at\/tickets\/wp-json\/wp\/v2\/product\/70","targetHints":{"allow":["GET"]}}],"collection":[{"href":"https:\/\/wunderbeeren.at\/tickets\/wp-json\/wp\/v2\/product"}],"about":[{"href":"https:\/\/wunderbeeren.at\/tickets\/wp-json\/wp\/v2\/types\/product"}],"author":[{"embeddable":true,"href":"https:\/\/wunderbeeren.at\/tickets\/wp-json\/wp\/v2\/users\/1"}],"replies":[{"embeddable":true,"href":"https:\/\/wunderbeeren.at\/tickets\/wp-json\/wp\/v2\/comments?post=70"}],"wp:attachment":[{"href":"https:\/\/wunderbeeren.at\/tickets\/wp-json\/wp\/v2\/media?parent=70"}],"wp:term":[{"taxonomy":"product_brand","embeddable":true,"href":"https:\/\/wunderbeeren.at\/tickets\/wp-json\/wp\/v2\/product_brand?post=70"},{"taxonomy":"product_cat","embeddable":true,"href":"https:\/\/wunderbeeren.at\/tickets\/wp-json\/wp\/v2\/product_cat?post=70"},{"taxonomy":"product_tag","embeddable":true,"href":"https:\/\/wunderbeeren.at\/tickets\/wp-json\/wp\/v2\/product_tag?post=70"}],"curies":[{"name":"wp","href":"https:\/\/api.w.org\/{rel}","templated":true}]}}