{"id":45,"date":"2026-04-16T14:06:01","date_gmt":"2026-04-16T12:06:01","guid":{"rendered":"https:\/\/wunderbeeren.at\/genuss\/?post_type=product&#038;p=45"},"modified":"2026-04-25T11:35:36","modified_gmt":"2026-04-25T09:35:36","slug":"erdbeer-likoer","status":"publish","type":"product","link":"https:\/\/wunderbeeren.at\/genuss\/produkt\/erdbeer-likoer\/","title":{"rendered":"Erdbeer Lik\u00f6r"},"content":{"rendered":"<p>Sonnengereifte Erdbeeren, veredelt mit feinem Alkohol \u2013 das ergibt unseren\u00a0traumhaft fruchtigen Erdbeerlik\u00f6r! \ud83c\udf53\u2728<\/p>\n<p>Intensiv im Geschmack und wunderbar s\u00fcffig \u2013 ein echter Genussmoment, egal ob\u00a0pur auf Eis, im\u00a0Cocktail\u00a0oder zur\u00a0Verfeinerung von Desserts.<\/p>\n<p>Ein Schluck und man schmeckt den Sommer \u2013\u00a0verf\u00fchrerisch, fruchtig und einfach k\u00f6stlich!\u00a0\ud83e\udd42<\/p>\n<h3>Produkt Information<\/h3>\n<ul>\n<li>Hergestellt aus Alkohol, Erdbeeren, Wasser, Zucker, E129, S\u00e4uerungsmittel: Zitronens\u00e4ure, Antiodiationsmittel: Ascorbins\u00e4ure<\/li>\n<li>alc. 20,5% vol.<\/li>\n<li>Menge: 0,2l<\/li>\n<\/ul>\n","protected":false},"excerpt":{"rendered":"<p>Unser Erdbeerlik\u00f6r \u00fcberzeugt mit intensivem, fruchtigem Geschmack sonnengereifter Erdbeeren. S\u00fcffig und vielseitig \u2013 ideal pur, auf Eis, im Cocktail oder zum Verfeinern von Desserts.<\/p>\n","protected":false},"featured_media":54,"comment_status":"open","ping_status":"closed","template":"","meta":[],"product_brand":[],"product_cat":[20],"product_tag":[],"class_list":{"0":"post-45","1":"product","2":"type-product","3":"status-publish","4":"has-post-thumbnail","6":"product_cat-spirituosen-likoere","8":"first","9":"instock","10":"taxable","11":"shipping-taxable","12":"purchasable","13":"product-type-simple"},"_links":{"self":[{"href":"https:\/\/wunderbeeren.at\/genuss\/wp-json\/wp\/v2\/product\/45","targetHints":{"allow":["GET"]}}],"collection":[{"href":"https:\/\/wunderbeeren.at\/genuss\/wp-json\/wp\/v2\/product"}],"about":[{"href":"https:\/\/wunderbeeren.at\/genuss\/wp-json\/wp\/v2\/types\/product"}],"replies":[{"embeddable":true,"href":"https:\/\/wunderbeeren.at\/genuss\/wp-json\/wp\/v2\/comments?post=45"}],"wp:featuredmedia":[{"embeddable":true,"href":"https:\/\/wunderbeeren.at\/genuss\/wp-json\/wp\/v2\/media\/54"}],"wp:attachment":[{"href":"https:\/\/wunderbeeren.at\/genuss\/wp-json\/wp\/v2\/media?parent=45"}],"wp:term":[{"taxonomy":"product_brand","embeddable":true,"href":"https:\/\/wunderbeeren.at\/genuss\/wp-json\/wp\/v2\/product_brand?post=45"},{"taxonomy":"product_cat","embeddable":true,"href":"https:\/\/wunderbeeren.at\/genuss\/wp-json\/wp\/v2\/product_cat?post=45"},{"taxonomy":"product_tag","embeddable":true,"href":"https:\/\/wunderbeeren.at\/genuss\/wp-json\/wp\/v2\/product_tag?post=45"}],"curies":[{"name":"wp","href":"https:\/\/api.w.org\/{rel}","templated":true}]}}