{"id":44,"date":"2026-04-16T14:02:11","date_gmt":"2026-04-16T12:02:11","guid":{"rendered":"https:\/\/wunderbeeren.at\/genuss\/?post_type=product&#038;p=44"},"modified":"2026-04-18T19:57:44","modified_gmt":"2026-04-18T17:57:44","slug":"erdbeer-nektar","status":"publish","type":"product","link":"https:\/\/wunderbeeren.at\/genuss\/produkt\/erdbeer-nektar\/","title":{"rendered":"Erdbeer Nektar"},"content":{"rendered":"<p>Unser\u00a0Erdbeer-Nektar\u00a0schmeckt nach purem Sommer! \ud83c\udf53\u2600\ufe0f<\/p>\n<p>Die Kinder lieben ihn\u00a0pur, die Erwachsenen genie\u00dfen ihn\u00a0gespritzt oder im Spritzer\u00a0\u2013 so wird er zur perfekten\u00a0fruchtigen Erfrischung\u00a0an warmen Tagen.<\/p>\n<p>Ob im\u00a0Cocktail, als Basis f\u00fcr eine Erdbeerbowle\u00a0oder einfach pur gek\u00fchlt \u2013 dieser Nektar ist\u00a0vielf\u00e4ltig einsetzbar\u00a0und immer ein Genuss! \ud83d\udc95<\/p>\n<h3>Produktinformation<\/h3>\n<ul>\n<li>Fruchtsaftanteil mind. 40%<\/li>\n<li>Zutaten: Erdbeeren, Wasser, Zucker, S\u00e4uerungsmittel: Citronens\u00e4ure, Antioxidationsmittel: Ascorbins\u00e4ure<\/li>\n<li>Nach dem \u00d6ffnen gek\u00fchlt aufbewahren und bald verbrauchen. Gek\u00fchlt genie\u00dfen.<\/li>\n<li>Menge: 0,75l<\/li>\n<\/ul>\n","protected":false},"excerpt":{"rendered":"<p>Unser Erdbeer-Nektar schmeckt fruchtig und erfrischend nach Sommer. Pur, gespritzt oder als Basis f\u00fcr Cocktails vielseitig einsetzbar und ideal f\u00fcr warme Tage.<\/p>\n","protected":false},"featured_media":50,"comment_status":"open","ping_status":"closed","template":"","meta":[],"product_brand":[],"product_cat":[19],"product_tag":[],"class_list":{"0":"post-44","1":"product","2":"type-product","3":"status-publish","4":"has-post-thumbnail","6":"product_cat-wein-nektar","8":"first","9":"instock","10":"taxable","11":"shipping-taxable","12":"purchasable","13":"product-type-simple"},"_links":{"self":[{"href":"https:\/\/wunderbeeren.at\/genuss\/wp-json\/wp\/v2\/product\/44","targetHints":{"allow":["GET"]}}],"collection":[{"href":"https:\/\/wunderbeeren.at\/genuss\/wp-json\/wp\/v2\/product"}],"about":[{"href":"https:\/\/wunderbeeren.at\/genuss\/wp-json\/wp\/v2\/types\/product"}],"replies":[{"embeddable":true,"href":"https:\/\/wunderbeeren.at\/genuss\/wp-json\/wp\/v2\/comments?post=44"}],"wp:featuredmedia":[{"embeddable":true,"href":"https:\/\/wunderbeeren.at\/genuss\/wp-json\/wp\/v2\/media\/50"}],"wp:attachment":[{"href":"https:\/\/wunderbeeren.at\/genuss\/wp-json\/wp\/v2\/media?parent=44"}],"wp:term":[{"taxonomy":"product_brand","embeddable":true,"href":"https:\/\/wunderbeeren.at\/genuss\/wp-json\/wp\/v2\/product_brand?post=44"},{"taxonomy":"product_cat","embeddable":true,"href":"https:\/\/wunderbeeren.at\/genuss\/wp-json\/wp\/v2\/product_cat?post=44"},{"taxonomy":"product_tag","embeddable":true,"href":"https:\/\/wunderbeeren.at\/genuss\/wp-json\/wp\/v2\/product_tag?post=44"}],"curies":[{"name":"wp","href":"https:\/\/api.w.org\/{rel}","templated":true}]}}