{"id":43,"date":"2026-04-16T13:51:04","date_gmt":"2026-04-16T11:51:04","guid":{"rendered":"https:\/\/wunderbeeren.at\/genuss\/?post_type=product&#038;p=43"},"modified":"2026-04-18T21:45:13","modified_gmt":"2026-04-18T19:45:13","slug":"erdbeer-gin","status":"publish","type":"product","link":"https:\/\/wunderbeeren.at\/genuss\/produkt\/erdbeer-gin\/","title":{"rendered":"Erdbeer-Gin"},"content":{"rendered":"<p>Alles begann damit, dass sich die\u00a0Erdbeere in die Wacholderbeere verliebte\u2026 \ud83d\udc95\ud83c\udf53Das Ergebnis? Unser\u00a0fruchtig-w\u00fcrziger Erdbeer-Gin\u00a0\u2013 ein echtes Liebesergebnis im Glas!<\/p>\n<p>Mit seiner feinen Balance aus\u00a0beeriger S\u00fc\u00dfe und w\u00fcrzigen Gin-Noten\u00a0ist er etwas ganz Besonderes. Ob\u00a0pur auf Eis, mit\u00a0Tonic Water\u00a0oder einem\u00a0Schuss Orangen- oder Zitronensaft\u00a0\u2013 dieser Gin sorgt garantiert f\u00fcr Begeisterung.<\/p>\n<p>Ein Schluck und man schmeckt:\u00a0Liebe auf den ersten Gin!\u00a0\ud83c\udf53\ud83e\udd42<\/p>\n","protected":false},"excerpt":{"rendered":"<p>Unser Erdbeer-Gin verbindet fruchtige Erdbeernoten mit w\u00fcrzigem Gin-Aroma zu einem besonderen Geschmackserlebnis. Ideal pur auf Eis oder mit Tonic Water.<\/p>\n","protected":false},"featured_media":59,"comment_status":"open","ping_status":"closed","template":"","meta":[],"product_brand":[],"product_cat":[20],"product_tag":[],"class_list":{"0":"post-43","1":"product","2":"type-product","3":"status-publish","4":"has-post-thumbnail","6":"product_cat-spirituosen-likoere","8":"first","9":"instock","10":"taxable","11":"shipping-taxable","12":"purchasable","13":"product-type-simple"},"_links":{"self":[{"href":"https:\/\/wunderbeeren.at\/genuss\/wp-json\/wp\/v2\/product\/43","targetHints":{"allow":["GET"]}}],"collection":[{"href":"https:\/\/wunderbeeren.at\/genuss\/wp-json\/wp\/v2\/product"}],"about":[{"href":"https:\/\/wunderbeeren.at\/genuss\/wp-json\/wp\/v2\/types\/product"}],"replies":[{"embeddable":true,"href":"https:\/\/wunderbeeren.at\/genuss\/wp-json\/wp\/v2\/comments?post=43"}],"wp:featuredmedia":[{"embeddable":true,"href":"https:\/\/wunderbeeren.at\/genuss\/wp-json\/wp\/v2\/media\/59"}],"wp:attachment":[{"href":"https:\/\/wunderbeeren.at\/genuss\/wp-json\/wp\/v2\/media?parent=43"}],"wp:term":[{"taxonomy":"product_brand","embeddable":true,"href":"https:\/\/wunderbeeren.at\/genuss\/wp-json\/wp\/v2\/product_brand?post=43"},{"taxonomy":"product_cat","embeddable":true,"href":"https:\/\/wunderbeeren.at\/genuss\/wp-json\/wp\/v2\/product_cat?post=43"},{"taxonomy":"product_tag","embeddable":true,"href":"https:\/\/wunderbeeren.at\/genuss\/wp-json\/wp\/v2\/product_tag?post=43"}],"curies":[{"name":"wp","href":"https:\/\/api.w.org\/{rel}","templated":true}]}}