{"id":42,"date":"2026-04-16T13:50:09","date_gmt":"2026-04-16T11:50:09","guid":{"rendered":"https:\/\/wunderbeeren.at\/genuss\/?post_type=product&#038;p=42"},"modified":"2026-04-18T21:42:10","modified_gmt":"2026-04-18T19:42:10","slug":"erdbeer-wein","status":"publish","type":"product","link":"https:\/\/wunderbeeren.at\/genuss\/produkt\/erdbeer-wein\/","title":{"rendered":"Erdbeer Wein"},"content":{"rendered":"<p>Sommer in der Flasche!\u00a0\u2600\ufe0f\ud83c\udf53<br \/>\nUnser\u00a0Erdbeerwein\u00a0schmeckt genau nach dem, was drin ist \u2013\u00a0100 % vollreife Erdbeeren\u00a0aus eigenem Anbau!<\/p>\n<p>Fruchtig, s\u00fc\u00df und einfach himmlisch \u2013 jeder Schluck erinnert an sonnige Tage und den Duft frisch gepfl\u00fcckter Beeren. Perfekt als\u00a0Geschenk, zum\u00a0Ansto\u00dfen mit Freunden\u00a0oder einfach zum\u00a0Selbstverw\u00f6hnen.<\/p>\n<p>Ein Glas voll Sommergl\u00fcck \u2013\u00a0unser Erdbeerwein passt immer!\u00a0\ud83e\udd42\ud83c\udf53<\/p>\n","protected":false},"excerpt":{"rendered":"<p>Unser Erdbeerwein wird aus vollreifen Erdbeeren aus eigenem Anbau hergestellt und \u00fcberzeugt mit fruchtig-s\u00fc\u00dfem Geschmack. Ein Genuss, der an sonnige Sommertage erinnert.<\/p>\n","protected":false},"featured_media":57,"comment_status":"open","ping_status":"closed","template":"","meta":[],"product_brand":[],"product_cat":[19],"product_tag":[],"class_list":{"0":"post-42","1":"product","2":"type-product","3":"status-publish","4":"has-post-thumbnail","6":"product_cat-wein-nektar","8":"first","9":"instock","10":"taxable","11":"shipping-taxable","12":"purchasable","13":"product-type-simple"},"_links":{"self":[{"href":"https:\/\/wunderbeeren.at\/genuss\/wp-json\/wp\/v2\/product\/42","targetHints":{"allow":["GET"]}}],"collection":[{"href":"https:\/\/wunderbeeren.at\/genuss\/wp-json\/wp\/v2\/product"}],"about":[{"href":"https:\/\/wunderbeeren.at\/genuss\/wp-json\/wp\/v2\/types\/product"}],"replies":[{"embeddable":true,"href":"https:\/\/wunderbeeren.at\/genuss\/wp-json\/wp\/v2\/comments?post=42"}],"wp:featuredmedia":[{"embeddable":true,"href":"https:\/\/wunderbeeren.at\/genuss\/wp-json\/wp\/v2\/media\/57"}],"wp:attachment":[{"href":"https:\/\/wunderbeeren.at\/genuss\/wp-json\/wp\/v2\/media?parent=42"}],"wp:term":[{"taxonomy":"product_brand","embeddable":true,"href":"https:\/\/wunderbeeren.at\/genuss\/wp-json\/wp\/v2\/product_brand?post=42"},{"taxonomy":"product_cat","embeddable":true,"href":"https:\/\/wunderbeeren.at\/genuss\/wp-json\/wp\/v2\/product_cat?post=42"},{"taxonomy":"product_tag","embeddable":true,"href":"https:\/\/wunderbeeren.at\/genuss\/wp-json\/wp\/v2\/product_tag?post=42"}],"curies":[{"name":"wp","href":"https:\/\/api.w.org\/{rel}","templated":true}]}}