{"id":40,"date":"2026-04-16T13:45:43","date_gmt":"2026-04-16T11:45:43","guid":{"rendered":"https:\/\/wunderbeeren.at\/genuss\/?post_type=product&#038;p=40"},"modified":"2026-04-19T06:42:57","modified_gmt":"2026-04-19T04:42:57","slug":"kuerbis-suess-sauer","status":"publish","type":"product","link":"https:\/\/wunderbeeren.at\/genuss\/produkt\/kuerbis-suess-sauer\/","title":{"rendered":"K\u00fcrbis s\u00fc\u00df-sauer"},"content":{"rendered":"<p>Unser\u00a0K\u00fcrbis s\u00fc\u00df-sauer\u00a0vereint das Beste aus zwei Welten \u2013\u00a0feine S\u00fc\u00dfe trifft auf erfrischende S\u00e4ure. \ud83c\udf83\u2728<\/p>\n<p>In\u00a0Kooperation mit der renommierten Firma Staud\u00a0hergestellt, steht dieses Produkt f\u00fcr\u00a0h\u00f6chste Qualit\u00e4t und unverwechselbaren Geschmack. Die eingelegten K\u00fcrbisst\u00fccke sind\u00a0zart im Biss,\u00a0aromatisch\u00a0und einfach ein Genuss zu jeder Gelegenheit.<\/p>\n<p>Perfekt als\u00a0Beilage zu Fleisch, K\u00e4se oder Jause, aber auch pur ein echter Geheimtipp f\u00fcr Feinschmecker! \ud83e\udde1<\/p>\n","protected":false},"excerpt":{"rendered":"<p>Unser K\u00fcrbis s\u00fc\u00df-sauer kombiniert feine S\u00fc\u00dfe mit angenehmer S\u00e4ure. Zart im Biss und aromatisch, ideal als Beilage zu Fleisch, K\u00e4se oder zur Jause.<\/p>\n","protected":false},"featured_media":63,"comment_status":"open","ping_status":"closed","template":"","meta":[],"product_brand":[],"product_cat":[23],"product_tag":[],"class_list":{"0":"post-40","1":"product","2":"type-product","3":"status-publish","4":"has-post-thumbnail","6":"product_cat-sonstiges","8":"first","9":"instock","10":"taxable","11":"shipping-taxable","12":"purchasable","13":"product-type-simple"},"_links":{"self":[{"href":"https:\/\/wunderbeeren.at\/genuss\/wp-json\/wp\/v2\/product\/40","targetHints":{"allow":["GET"]}}],"collection":[{"href":"https:\/\/wunderbeeren.at\/genuss\/wp-json\/wp\/v2\/product"}],"about":[{"href":"https:\/\/wunderbeeren.at\/genuss\/wp-json\/wp\/v2\/types\/product"}],"replies":[{"embeddable":true,"href":"https:\/\/wunderbeeren.at\/genuss\/wp-json\/wp\/v2\/comments?post=40"}],"wp:featuredmedia":[{"embeddable":true,"href":"https:\/\/wunderbeeren.at\/genuss\/wp-json\/wp\/v2\/media\/63"}],"wp:attachment":[{"href":"https:\/\/wunderbeeren.at\/genuss\/wp-json\/wp\/v2\/media?parent=40"}],"wp:term":[{"taxonomy":"product_brand","embeddable":true,"href":"https:\/\/wunderbeeren.at\/genuss\/wp-json\/wp\/v2\/product_brand?post=40"},{"taxonomy":"product_cat","embeddable":true,"href":"https:\/\/wunderbeeren.at\/genuss\/wp-json\/wp\/v2\/product_cat?post=40"},{"taxonomy":"product_tag","embeddable":true,"href":"https:\/\/wunderbeeren.at\/genuss\/wp-json\/wp\/v2\/product_tag?post=40"}],"curies":[{"name":"wp","href":"https:\/\/api.w.org\/{rel}","templated":true}]}}