{"id":39,"date":"2026-04-16T13:34:03","date_gmt":"2026-04-16T11:34:03","guid":{"rendered":"https:\/\/wunderbeeren.at\/genuss\/?post_type=product&#038;p=39"},"modified":"2026-04-19T07:30:49","modified_gmt":"2026-04-19T05:30:49","slug":"pikantes-kuerbisgewuerz","status":"publish","type":"product","link":"https:\/\/wunderbeeren.at\/genuss\/produkt\/pikantes-kuerbisgewuerz\/","title":{"rendered":"Pikantes K\u00fcrbisgew\u00fcrz"},"content":{"rendered":"<p>Unser\u00a0pikantes K\u00fcrbisgew\u00fcrz\u00a0ist ein echter Allrounder f\u00fcr herzhafte Herbstgerichte! \ud83c\udf83\ud83d\udd25<\/p>\n<p>Die kr\u00e4ftige Mischung aus\u00a0Meersalz, Paprika, Chili, Rauch, Pfeffer, Zwiebel, Knoblauch, Koriander, Rohrohrzucker, Thymian, Oregano, Senf, Kreuzk\u00fcmmel und K\u00fcmmel\u00a0sorgt f\u00fcr\u00a0w\u00fcrzige Tiefe und eine feine Sch\u00e4rfe\u00a0\u2013 perfekt abgestimmt f\u00fcr K\u00fcrbisgerichte aller Art.<\/p>\n<p>Ideal zum\u00a0W\u00fcrzen von Ofenk\u00fcrbis, Suppen, Dips, Grillgem\u00fcse oder Fleisch\u00a0\u2013 und nat\u00fcrlich f\u00fcr alle, die es\u00a0herzhaft, aromatisch und leicht rauchig\u00a0lieben.<\/p>\n<p>Achtung: Kann Spuren von Sellerie enthalten.<\/p>\n<p>55g<\/p>\n","protected":false},"excerpt":{"rendered":"<p>Unser pikantes K\u00fcrbisgew\u00fcrz sorgt mit w\u00fcrziger Tiefe und feiner Sch\u00e4rfe f\u00fcr intensiven Geschmack. Ideal f\u00fcr K\u00fcrbisgerichte, Ofengem\u00fcse, Suppen und herzhafte Speisen.<\/p>\n","protected":false},"featured_media":75,"comment_status":"open","ping_status":"closed","template":"","meta":[],"product_brand":[],"product_cat":[22],"product_tag":[],"class_list":{"0":"post-39","1":"product","2":"type-product","3":"status-publish","4":"has-post-thumbnail","6":"product_cat-gewuerze-feinkost","8":"first","9":"instock","10":"taxable","11":"shipping-taxable","12":"purchasable","13":"product-type-simple"},"_links":{"self":[{"href":"https:\/\/wunderbeeren.at\/genuss\/wp-json\/wp\/v2\/product\/39","targetHints":{"allow":["GET"]}}],"collection":[{"href":"https:\/\/wunderbeeren.at\/genuss\/wp-json\/wp\/v2\/product"}],"about":[{"href":"https:\/\/wunderbeeren.at\/genuss\/wp-json\/wp\/v2\/types\/product"}],"replies":[{"embeddable":true,"href":"https:\/\/wunderbeeren.at\/genuss\/wp-json\/wp\/v2\/comments?post=39"}],"wp:featuredmedia":[{"embeddable":true,"href":"https:\/\/wunderbeeren.at\/genuss\/wp-json\/wp\/v2\/media\/75"}],"wp:attachment":[{"href":"https:\/\/wunderbeeren.at\/genuss\/wp-json\/wp\/v2\/media?parent=39"}],"wp:term":[{"taxonomy":"product_brand","embeddable":true,"href":"https:\/\/wunderbeeren.at\/genuss\/wp-json\/wp\/v2\/product_brand?post=39"},{"taxonomy":"product_cat","embeddable":true,"href":"https:\/\/wunderbeeren.at\/genuss\/wp-json\/wp\/v2\/product_cat?post=39"},{"taxonomy":"product_tag","embeddable":true,"href":"https:\/\/wunderbeeren.at\/genuss\/wp-json\/wp\/v2\/product_tag?post=39"}],"curies":[{"name":"wp","href":"https:\/\/api.w.org\/{rel}","templated":true}]}}