{"id":37,"date":"2026-04-16T13:18:46","date_gmt":"2026-04-16T11:18:46","guid":{"rendered":"https:\/\/wunderbeeren.at\/genuss\/?post_type=product&#038;p=37"},"modified":"2026-04-18T22:21:12","modified_gmt":"2026-04-18T20:21:12","slug":"erdbeer-frizzante-075l-2","status":"publish","type":"product","link":"https:\/\/wunderbeeren.at\/genuss\/produkt\/erdbeer-frizzante-075l-2\/","title":{"rendered":"Erdbeer Frizzante 0,25l"},"content":{"rendered":"<p>Holt die Sektgl\u00e4ser raus \u2013 es wird beerig prickelnd! \ud83c\udf53\u2728<br \/>\nUnser\u00a0Erdbeer-Frizzante\u00a0ist die perfekte Mischung aus\u00a0fruchtiger S\u00fc\u00dfe und spritziger Frische\u00a0\u2013 einfach zum Verlieben!<\/p>\n<p>Egal ob zum Ansto\u00dfen mit Freunden, beim Picknick oder als Highlight beim Sommerabend \u2013\u00a0unser Erdbeer-Frizzante passt immer.<\/p>\n<p>Kleiner Tipp: \ud83d\udc95\u00a0Die M\u00e4dls lieben ihn!\u00a0Er schmeckt nach Sommer, Sonne und ganz viel guter Laune! \ud83e\udd42<\/p>\n<h3 class=\"seGZY9w oKkksZn---typography-11-runningText oKkksZn---priority-7-primary _HOcyB JUtQCP sxbtulv ftb6e2\" aria-hidden=\"false\" data-hook=\"info-section-title\">Produkt Information<\/h3>\n<div class=\"zp8uy2\" data-hook=\"info-section-description\">\n<ul>\n<li><strong>aromatisiertes weinhaltiges Getr\u00e4nk<\/strong><\/li>\n<li>Erzeugerabf\u00fcller: R. Baumgartner GesnbR, 2061 Untermakersdorf<\/li>\n<li>alc. 8\u00a0% vol.<\/li>\n<li>Menge: 0,25l<\/li>\n<li>enth\u00e4lt Sulfite<\/li>\n<\/ul>\n<\/div>\n","protected":false},"excerpt":{"rendered":"<p>Unser Erdbeer-Frizzante \u00fcberzeugt mit fruchtiger S\u00fc\u00dfe und spritziger Frische. Perfekt f\u00fcr Sommerabende, Feiern oder zum Genie\u00dfen mit Freunden.<\/p>\n","protected":false},"featured_media":62,"comment_status":"open","ping_status":"closed","template":"","meta":[],"product_brand":[],"product_cat":[17],"product_tag":[],"class_list":{"0":"post-37","1":"product","2":"type-product","3":"status-publish","4":"has-post-thumbnail","6":"product_cat-frizzante-sprizz","8":"first","9":"instock","10":"taxable","11":"shipping-taxable","12":"purchasable","13":"product-type-simple"},"_links":{"self":[{"href":"https:\/\/wunderbeeren.at\/genuss\/wp-json\/wp\/v2\/product\/37","targetHints":{"allow":["GET"]}}],"collection":[{"href":"https:\/\/wunderbeeren.at\/genuss\/wp-json\/wp\/v2\/product"}],"about":[{"href":"https:\/\/wunderbeeren.at\/genuss\/wp-json\/wp\/v2\/types\/product"}],"replies":[{"embeddable":true,"href":"https:\/\/wunderbeeren.at\/genuss\/wp-json\/wp\/v2\/comments?post=37"}],"wp:featuredmedia":[{"embeddable":true,"href":"https:\/\/wunderbeeren.at\/genuss\/wp-json\/wp\/v2\/media\/62"}],"wp:attachment":[{"href":"https:\/\/wunderbeeren.at\/genuss\/wp-json\/wp\/v2\/media?parent=37"}],"wp:term":[{"taxonomy":"product_brand","embeddable":true,"href":"https:\/\/wunderbeeren.at\/genuss\/wp-json\/wp\/v2\/product_brand?post=37"},{"taxonomy":"product_cat","embeddable":true,"href":"https:\/\/wunderbeeren.at\/genuss\/wp-json\/wp\/v2\/product_cat?post=37"},{"taxonomy":"product_tag","embeddable":true,"href":"https:\/\/wunderbeeren.at\/genuss\/wp-json\/wp\/v2\/product_tag?post=37"}],"curies":[{"name":"wp","href":"https:\/\/api.w.org\/{rel}","templated":true}]}}