{"id":36,"date":"2026-04-16T13:16:26","date_gmt":"2026-04-16T11:16:26","guid":{"rendered":"https:\/\/wunderbeeren.at\/genuss\/?post_type=product&#038;p=36"},"modified":"2026-04-19T14:46:44","modified_gmt":"2026-04-19T12:46:44","slug":"bratapfel-frizzante-025l","status":"publish","type":"product","link":"https:\/\/wunderbeeren.at\/genuss\/produkt\/bratapfel-frizzante-025l\/","title":{"rendered":"Bratapfel Frizzante 0,25l"},"content":{"rendered":"<p>Ein Schluck und die\u00a0Vorweihnachtszeit\u00a0ist da \u2013 unser\u00a0Bratapfel-Frizzante\u00a0verzaubert mit seinem\u00a0fruchtig-w\u00fcrzigen Aroma\u00a0und feinem Perlenspiel! \ud83c\udf4e\u2728<\/p>\n<p>Mit zarten Noten von Apfel, Zimt und winterlicher S\u00fc\u00dfe sorgt er f\u00fcr\u00a0wohlige Stimmung und festlichen Genuss\u00a0\u2013 perfekt f\u00fcr gem\u00fctliche Abende, Weihnachtsfeiern oder als besonderer Aperitif in der kalten Jahreszeit.<\/p>\n<p>Tipp:\u00a0Gut gek\u00fchlt genie\u00dfen \u2013 oder leicht erw\u00e4rmt f\u00fcr ein prickelnd-warmes Wintererlebnis! \ud83c\udf84\ud83e\udd42<\/p>\n<h3 class=\"seGZY9w oKkksZn---typography-11-runningText oKkksZn---priority-7-primary _HOcyB JUtQCP sxbtulv ftb6e2\" aria-hidden=\"false\" data-hook=\"info-section-title\">Produkt Information<\/h3>\n<div class=\"zp8uy2\" data-hook=\"info-section-description\">\n<ul>\n<li><strong>aromatisiertes weinhaltiges Getr\u00e4nk<\/strong><\/li>\n<li>Erzeugerabf\u00fcller: R. Baumgartner GesnbR, 2061 Untermakersdorf<\/li>\n<li>alc. 8\u00a0% vol.<\/li>\n<li>Menge: 0,25l<\/li>\n<li>enth\u00e4lt Sulfite<\/li>\n<\/ul>\n<\/div>\n","protected":false},"excerpt":{"rendered":"<div class=\"flex flex-col text-sm pb-25\">\n<section class=\"text-token-text-primary w-full focus:outline-none [--shadow-height:45px] has-data-writing-block:pointer-events-none has-data-writing-block:-mt-(--shadow-height) has-data-writing-block:pt-(--shadow-height) [&amp;:has([data-writing-block])&gt;*]:pointer-events-auto scroll-mt-[calc(var(--header-height)+min(200px,max(70px,20svh)))]\" dir=\"auto\" data-turn-id=\"request-69df0a16-96d0-832c-9be0-49d16c97c42c-3\" data-testid=\"conversation-turn-20\" data-scroll-anchor=\"true\" data-turn=\"assistant\">\n<div class=\"text-base my-auto mx-auto pb-10 [--thread-content-margin:var(--thread-content-margin-xs,calc(var(--spacing)*4))] @w-sm\/main:[--thread-content-margin:var(--thread-content-margin-sm,calc(var(--spacing)*6))] @w-lg\/main:[--thread-content-margin:var(--thread-content-margin-lg,calc(var(--spacing)*16))] px-(--thread-content-margin)\">\n<div class=\"[--thread-content-max-width:40rem] @w-lg\/main:[--thread-content-max-width:48rem] mx-auto max-w-(--thread-content-max-width) flex-1 group\/turn-messages focus-visible:outline-hidden relative flex w-full min-w-0 flex-col agent-turn\">\n<div class=\"flex max-w-full flex-col gap-4 grow\">\n<div class=\"min-h-8 text-message relative flex w-full flex-col items-end gap-2 text-start break-words whitespace-normal outline-none keyboard-focused:focus-ring [.text-message+&amp;]:mt-1\" dir=\"auto\" tabindex=\"0\" data-message-author-role=\"assistant\" data-message-id=\"87134a55-a069-4093-9611-54ecb2ac4ab6\" data-message-model-slug=\"gpt-5-3\" data-turn-start-message=\"true\">\n<div class=\"flex w-full flex-col gap-1 empty:hidden\">\n<div class=\"markdown prose dark:prose-invert w-full wrap-break-word light markdown-new-styling\">\n<p data-start=\"34\" data-end=\"204\" data-is-last-node=\"\" data-is-only-node=\"\">Unser Bratapfel-Frizzante begeistert mit fruchtig-w\u00fcrzigem Aroma und feiner Perlage. Mit Noten von Apfel und Zimt sorgt er f\u00fcr festlichen Genuss in der kalten Jahreszeit.<\/p>\n<\/div>\n<\/div>\n<\/div>\n<\/div>\n<div class=\"z-0 flex min-h-[46px] justify-start\"><\/div>\n<div class=\"mt-3 w-full empty:hidden\">\n<div class=\"text-center\"><\/div>\n<\/div>\n<\/div>\n<\/div>\n<\/section>\n<\/div>\n<div class=\"pointer-events-none h-px w-px absolute bottom-0\" aria-hidden=\"true\" data-edge=\"true\"><\/div>\n","protected":false},"featured_media":70,"comment_status":"open","ping_status":"closed","template":"","meta":[],"product_brand":[],"product_cat":[17],"product_tag":[],"class_list":{"0":"post-36","1":"product","2":"type-product","3":"status-publish","4":"has-post-thumbnail","6":"product_cat-frizzante-sprizz","8":"first","9":"instock","10":"taxable","11":"shipping-taxable","12":"purchasable","13":"product-type-simple"},"_links":{"self":[{"href":"https:\/\/wunderbeeren.at\/genuss\/wp-json\/wp\/v2\/product\/36","targetHints":{"allow":["GET"]}}],"collection":[{"href":"https:\/\/wunderbeeren.at\/genuss\/wp-json\/wp\/v2\/product"}],"about":[{"href":"https:\/\/wunderbeeren.at\/genuss\/wp-json\/wp\/v2\/types\/product"}],"replies":[{"embeddable":true,"href":"https:\/\/wunderbeeren.at\/genuss\/wp-json\/wp\/v2\/comments?post=36"}],"wp:featuredmedia":[{"embeddable":true,"href":"https:\/\/wunderbeeren.at\/genuss\/wp-json\/wp\/v2\/media\/70"}],"wp:attachment":[{"href":"https:\/\/wunderbeeren.at\/genuss\/wp-json\/wp\/v2\/media?parent=36"}],"wp:term":[{"taxonomy":"product_brand","embeddable":true,"href":"https:\/\/wunderbeeren.at\/genuss\/wp-json\/wp\/v2\/product_brand?post=36"},{"taxonomy":"product_cat","embeddable":true,"href":"https:\/\/wunderbeeren.at\/genuss\/wp-json\/wp\/v2\/product_cat?post=36"},{"taxonomy":"product_tag","embeddable":true,"href":"https:\/\/wunderbeeren.at\/genuss\/wp-json\/wp\/v2\/product_tag?post=36"}],"curies":[{"name":"wp","href":"https:\/\/api.w.org\/{rel}","templated":true}]}}