{"id":30,"date":"2026-04-16T13:11:29","date_gmt":"2026-04-16T11:11:29","guid":{"rendered":"https:\/\/wunderbeeren.at\/genuss\/?post_type=product&#038;p=30"},"modified":"2026-04-19T07:20:00","modified_gmt":"2026-04-19T05:20:00","slug":"kuerbis-frizzante-075l","status":"publish","type":"product","link":"https:\/\/wunderbeeren.at\/genuss\/produkt\/kuerbis-frizzante-075l\/","title":{"rendered":"K\u00fcrbis Frizzante 0,75l"},"content":{"rendered":"<p>Von unserem K\u00fcrbishof nicht mehr wegzudenken \u2013 unser\u00a0K\u00fcrbis-Frizzante! \ud83c\udf83\ud83e\udd42Ein echtes Highlight f\u00fcr alle, die das Besondere lieben.<\/p>\n<p>Die\u00a0fein prickelnde Textur\u00a0und die\u00a0au\u00dfergew\u00f6hnliche K\u00fcrbisnote\u00a0machen ihn zu einem unverwechselbaren Geschmackserlebnis \u2013 elegant, erfrischend und \u00fcberraschend anders.<\/p>\n<p>Tipp:\u00a0Gut gek\u00fchlt genie\u00dfen \u2013 so kommt sein einzigartiges Aroma am besten zur Geltung! \u2728<\/p>\n<h3 class=\"seGZY9w oKkksZn---typography-11-runningText oKkksZn---priority-7-primary _HOcyB JUtQCP sxbtulv ftb6e2\" aria-hidden=\"false\" data-hook=\"info-section-title\">Produkt Information<\/h3>\n<div class=\"zp8uy2\" data-hook=\"info-section-description\">\n<ul>\n<li><strong>aromatisiertes weinhaltiges Getr\u00e4nk<\/strong><\/li>\n<li>Erzeugerabf\u00fcller: R. Baumgartner GesnbR, 2061 Untermakersdorf<\/li>\n<li>alc. 8\u00a0% vol.<\/li>\n<li>Menge: 0,75l<\/li>\n<li>enth\u00e4lt Sulfite<\/li>\n<\/ul>\n<\/div>\n","protected":false},"excerpt":{"rendered":"<p>Unser K\u00fcrbis-Frizzante ist ein fein prickelndes Highlight mit au\u00dfergew\u00f6hnlicher K\u00fcrbisnote. Elegant, erfrischend und ideal f\u00fcr alle, die das Besondere lieben.<\/p>\n","protected":false},"featured_media":71,"comment_status":"open","ping_status":"closed","template":"","meta":[],"product_brand":[],"product_cat":[17],"product_tag":[],"class_list":{"0":"post-30","1":"product","2":"type-product","3":"status-publish","4":"has-post-thumbnail","6":"product_cat-frizzante-sprizz","8":"first","9":"instock","10":"taxable","11":"shipping-taxable","12":"purchasable","13":"product-type-simple"},"_links":{"self":[{"href":"https:\/\/wunderbeeren.at\/genuss\/wp-json\/wp\/v2\/product\/30","targetHints":{"allow":["GET"]}}],"collection":[{"href":"https:\/\/wunderbeeren.at\/genuss\/wp-json\/wp\/v2\/product"}],"about":[{"href":"https:\/\/wunderbeeren.at\/genuss\/wp-json\/wp\/v2\/types\/product"}],"replies":[{"embeddable":true,"href":"https:\/\/wunderbeeren.at\/genuss\/wp-json\/wp\/v2\/comments?post=30"}],"wp:featuredmedia":[{"embeddable":true,"href":"https:\/\/wunderbeeren.at\/genuss\/wp-json\/wp\/v2\/media\/71"}],"wp:attachment":[{"href":"https:\/\/wunderbeeren.at\/genuss\/wp-json\/wp\/v2\/media?parent=30"}],"wp:term":[{"taxonomy":"product_brand","embeddable":true,"href":"https:\/\/wunderbeeren.at\/genuss\/wp-json\/wp\/v2\/product_brand?post=30"},{"taxonomy":"product_cat","embeddable":true,"href":"https:\/\/wunderbeeren.at\/genuss\/wp-json\/wp\/v2\/product_cat?post=30"},{"taxonomy":"product_tag","embeddable":true,"href":"https:\/\/wunderbeeren.at\/genuss\/wp-json\/wp\/v2\/product_tag?post=30"}],"curies":[{"name":"wp","href":"https:\/\/api.w.org\/{rel}","templated":true}]}}