{"id":27,"date":"2026-04-16T12:35:32","date_gmt":"2026-04-16T10:35:32","guid":{"rendered":"https:\/\/wunderbeeren.at\/genuss\/?post_type=product&#038;p=27"},"modified":"2026-04-19T07:36:25","modified_gmt":"2026-04-19T05:36:25","slug":"kakao-kuerbiskerne","status":"publish","type":"product","link":"https:\/\/wunderbeeren.at\/genuss\/produkt\/kakao-kuerbiskerne\/","title":{"rendered":"Kakao K\u00fcrbiskerne"},"content":{"rendered":"<p>Schokoladenliebhaber aufgepasst! Unsere Kakao K\u00fcrbiskerne sind eine knusprige und gesunde Alternative zu herk\u00f6mmlichen S\u00fc\u00dfigkeiten. Fein ummantelt mit hochwertigem Kakao, bringen sie das Beste aus Schokolade und K\u00fcrbis zusammen. Perfekt f\u00fcr den s\u00fc\u00dfen Genuss ohne schlechtes Gewissen. Probiere sie jetzt und lass dich begeistern! \ud83c\udf6b\ud83e\udd0e<\/p>\n","protected":false},"excerpt":{"rendered":"<p>Schokoladenliebhaber aufgepasst! Unsere Kakao K\u00fcrbiskerne sind eine knusprige und gesunde Alternative zu herk\u00f6mmlichen S\u00fc\u00dfigkeiten. Fein ummantelt mit hochwertigem Kakao, bringen sie das Beste aus Schokolade und K\u00fcrbis zusammen. Perfekt f\u00fcr den s\u00fc\u00dfen Genuss ohne schlechtes Gewissen. Probiere sie jetzt und lass dich begeistern!<\/p>\n","protected":false},"featured_media":79,"comment_status":"open","ping_status":"closed","template":"","meta":[],"product_brand":[],"product_cat":[21],"product_tag":[],"class_list":{"0":"post-27","1":"product","2":"type-product","3":"status-publish","4":"has-post-thumbnail","6":"product_cat-snacks-knabbereien","8":"first","9":"instock","10":"taxable","11":"shipping-taxable","12":"purchasable","13":"product-type-simple"},"_links":{"self":[{"href":"https:\/\/wunderbeeren.at\/genuss\/wp-json\/wp\/v2\/product\/27","targetHints":{"allow":["GET"]}}],"collection":[{"href":"https:\/\/wunderbeeren.at\/genuss\/wp-json\/wp\/v2\/product"}],"about":[{"href":"https:\/\/wunderbeeren.at\/genuss\/wp-json\/wp\/v2\/types\/product"}],"replies":[{"embeddable":true,"href":"https:\/\/wunderbeeren.at\/genuss\/wp-json\/wp\/v2\/comments?post=27"}],"wp:featuredmedia":[{"embeddable":true,"href":"https:\/\/wunderbeeren.at\/genuss\/wp-json\/wp\/v2\/media\/79"}],"wp:attachment":[{"href":"https:\/\/wunderbeeren.at\/genuss\/wp-json\/wp\/v2\/media?parent=27"}],"wp:term":[{"taxonomy":"product_brand","embeddable":true,"href":"https:\/\/wunderbeeren.at\/genuss\/wp-json\/wp\/v2\/product_brand?post=27"},{"taxonomy":"product_cat","embeddable":true,"href":"https:\/\/wunderbeeren.at\/genuss\/wp-json\/wp\/v2\/product_cat?post=27"},{"taxonomy":"product_tag","embeddable":true,"href":"https:\/\/wunderbeeren.at\/genuss\/wp-json\/wp\/v2\/product_tag?post=27"}],"curies":[{"name":"wp","href":"https:\/\/api.w.org\/{rel}","templated":true}]}}