{"id":26,"date":"2026-04-16T12:33:35","date_gmt":"2026-04-16T10:33:35","guid":{"rendered":"https:\/\/wunderbeeren.at\/genuss\/?post_type=product&#038;p=26"},"modified":"2026-04-19T07:35:48","modified_gmt":"2026-04-19T05:35:48","slug":"gesalzene-kuerbiskerne","status":"publish","type":"product","link":"https:\/\/wunderbeeren.at\/genuss\/produkt\/gesalzene-kuerbiskerne\/","title":{"rendered":"Gesalzene K\u00fcrbiskerne"},"content":{"rendered":"<p>F\u00fcr alle, die es lieber herzhaft m\u00f6gen \u2013 unsere gesalzenen K\u00fcrbiskerne sind der ideale Snack! Frisch ger\u00f6stet und mit einem Hauch Salz verfeinert, bringen sie puren Knabbergenuss und passen auch perfekt zu Salaten oder als Beilage. Ein Genuss, den du nicht verpassen solltest \u2013 probiere jetzt die knackig-salzige Variante!<\/p>\n","protected":false},"excerpt":{"rendered":"<p>F\u00fcr alle, die es lieber herzhaft m\u00f6gen \u2013 unsere gesalzenen K\u00fcrbiskerne sind der ideale Snack! Frisch ger\u00f6stet und mit einem Hauch Salz verfeinert, bringen sie puren Knabbergenuss und passen auch perfekt zu Salaten oder als Beilage. Ein Genuss, den du nicht verpassen solltest \u2013 probiere jetzt die knackig-salzige Variante!<\/p>\n","protected":false},"featured_media":77,"comment_status":"open","ping_status":"closed","template":"","meta":[],"product_brand":[],"product_cat":[21],"product_tag":[],"class_list":{"0":"post-26","1":"product","2":"type-product","3":"status-publish","4":"has-post-thumbnail","6":"product_cat-snacks-knabbereien","8":"first","9":"instock","10":"taxable","11":"shipping-taxable","12":"purchasable","13":"product-type-simple"},"_links":{"self":[{"href":"https:\/\/wunderbeeren.at\/genuss\/wp-json\/wp\/v2\/product\/26","targetHints":{"allow":["GET"]}}],"collection":[{"href":"https:\/\/wunderbeeren.at\/genuss\/wp-json\/wp\/v2\/product"}],"about":[{"href":"https:\/\/wunderbeeren.at\/genuss\/wp-json\/wp\/v2\/types\/product"}],"replies":[{"embeddable":true,"href":"https:\/\/wunderbeeren.at\/genuss\/wp-json\/wp\/v2\/comments?post=26"}],"wp:featuredmedia":[{"embeddable":true,"href":"https:\/\/wunderbeeren.at\/genuss\/wp-json\/wp\/v2\/media\/77"}],"wp:attachment":[{"href":"https:\/\/wunderbeeren.at\/genuss\/wp-json\/wp\/v2\/media?parent=26"}],"wp:term":[{"taxonomy":"product_brand","embeddable":true,"href":"https:\/\/wunderbeeren.at\/genuss\/wp-json\/wp\/v2\/product_brand?post=26"},{"taxonomy":"product_cat","embeddable":true,"href":"https:\/\/wunderbeeren.at\/genuss\/wp-json\/wp\/v2\/product_cat?post=26"},{"taxonomy":"product_tag","embeddable":true,"href":"https:\/\/wunderbeeren.at\/genuss\/wp-json\/wp\/v2\/product_tag?post=26"}],"curies":[{"name":"wp","href":"https:\/\/api.w.org\/{rel}","templated":true}]}}