{"id":25,"date":"2026-04-20T17:00:39","date_gmt":"2026-04-20T15:00:39","guid":{"rendered":"https:\/\/wunderbeeren.at\/genuss\/?post_type=product&#038;p=25"},"modified":"2026-04-24T16:57:05","modified_gmt":"2026-04-24T14:57:05","slug":"himbeer-fruchtaufstrich","status":"publish","type":"product","link":"https:\/\/wunderbeeren.at\/genuss\/produkt\/himbeer-fruchtaufstrich\/","title":{"rendered":"Himbeer-Fruchtaufstrich"},"content":{"rendered":"<p>Unser\u00a0Himbeer-Fruchtaufstrich\u00a0vereint das Beste aus beiden Welten \u2013\u00a0fruchtig-s\u00fc\u00df und angenehm s\u00e4uerlich\u00a0zugleich. \ud83c\udf47 Mit seinem intensiven Aroma und der leuchtend roten Farbe ist er ein echter Genussmoment im Glas!<\/p>\n<p>Hergestellt aus\u00a0handverlesenen Himbeeren aus eigenem Anbau, sorgt unsere Marmelade f\u00fcr frischen Beerengenuss \u2013 egal ob aufs Fr\u00fchst\u00fccksbrot, im Joghurt oder als fruchtiges Extra zu Desserts.<\/p>\n<p>Einfach unverwechselbar im Geschmack \u2013\u00a0so schmeckt Sommer, L\u00f6ffel f\u00fcr L\u00f6ffel!\u00a0\u2764\ufe0f<\/p>\n","protected":false},"excerpt":{"rendered":"<p>Unser\u00a0Himbeer-Fruchtaufstrich\u00a0vereint das Beste aus beiden Welten \u2013\u00a0fruchtig-s\u00fc\u00df und angenehm s\u00e4uerlich zugleich. Mit seinem intensiven Aroma und der leuchtend roten Farbe ist er ein echter Genussmoment im Glas!<\/p>\n","protected":false},"featured_media":58,"comment_status":"open","ping_status":"closed","template":"","meta":[],"product_brand":[],"product_cat":[18],"product_tag":[],"class_list":{"0":"post-25","1":"product","2":"type-product","3":"status-publish","4":"has-post-thumbnail","6":"product_cat-fruchtaufstriche","8":"first","9":"instock","10":"taxable","11":"shipping-taxable","12":"purchasable","13":"product-type-simple"},"_links":{"self":[{"href":"https:\/\/wunderbeeren.at\/genuss\/wp-json\/wp\/v2\/product\/25","targetHints":{"allow":["GET"]}}],"collection":[{"href":"https:\/\/wunderbeeren.at\/genuss\/wp-json\/wp\/v2\/product"}],"about":[{"href":"https:\/\/wunderbeeren.at\/genuss\/wp-json\/wp\/v2\/types\/product"}],"replies":[{"embeddable":true,"href":"https:\/\/wunderbeeren.at\/genuss\/wp-json\/wp\/v2\/comments?post=25"}],"wp:featuredmedia":[{"embeddable":true,"href":"https:\/\/wunderbeeren.at\/genuss\/wp-json\/wp\/v2\/media\/58"}],"wp:attachment":[{"href":"https:\/\/wunderbeeren.at\/genuss\/wp-json\/wp\/v2\/media?parent=25"}],"wp:term":[{"taxonomy":"product_brand","embeddable":true,"href":"https:\/\/wunderbeeren.at\/genuss\/wp-json\/wp\/v2\/product_brand?post=25"},{"taxonomy":"product_cat","embeddable":true,"href":"https:\/\/wunderbeeren.at\/genuss\/wp-json\/wp\/v2\/product_cat?post=25"},{"taxonomy":"product_tag","embeddable":true,"href":"https:\/\/wunderbeeren.at\/genuss\/wp-json\/wp\/v2\/product_tag?post=25"}],"curies":[{"name":"wp","href":"https:\/\/api.w.org\/{rel}","templated":true}]}}