{"id":22,"date":"2026-04-20T16:47:38","date_gmt":"2026-04-20T14:47:38","guid":{"rendered":"https:\/\/wunderbeeren.at\/genuss\/?post_type=product&#038;p=22"},"modified":"2026-04-24T16:57:10","modified_gmt":"2026-04-24T14:57:10","slug":"erdbeer-fruchtaufstrich","status":"publish","type":"product","link":"https:\/\/wunderbeeren.at\/genuss\/produkt\/erdbeer-fruchtaufstrich\/","title":{"rendered":"Erdbeer-Fruchtaufstrich"},"content":{"rendered":"<p>Mmmhhh\u2026 gibt\u2019s was Besseres als frische\u00a0Erdbeermarmelade\u00a0zum Fr\u00fchst\u00fcck? \ud83c\udf53 Unsere hausgemachte\u00a0Wunderlich\u2019s Erdbeermarmelade\u00a0schmeckt einfach nach Sommer pur \u2013 fruchtig, s\u00fc\u00df und voller Geschmack!<\/p>\n<p>Hergestellt aus\u00a0sonnengereiften Erdbeeren aus eigenem Anbau, ganz ohne k\u00fcnstliche Zus\u00e4tze \u2013 denn gute Zutaten brauchen keinen Schnickschnack.<\/p>\n<p>Ob aufs frische Semmerl, ins Joghurt oder einfach pur gel\u00f6ffelt \u2013 unsere Erdbeermarmelade macht jeden Bissen zum Genussmoment! \u2764\ufe0f<\/p>\n<p>Nach dem \u00d6ffnen gek\u00fchlt aufbewahren und bald\u00a0verbrauchen<\/p>\n<p>&nbsp;<\/p>\n<p>&nbsp;<\/p>\n","protected":false},"excerpt":{"rendered":"<p>Sommer im Glas: Wunderlich\u2019s Erdbeermarmelade wird aus sonnengereiften Erdbeeren aus eigenem Anbau hergestellt und \u00fcberzeugt mit fruchtig-s\u00fc\u00dfem Geschmack. Perfekt f\u00fcrs Fr\u00fchst\u00fcck, ins Joghurt oder einfach pur genie\u00dfen \u2013 ganz ohne Schnickschnack, daf\u00fcr voller Natur.<\/p>\n","protected":false},"featured_media":60,"comment_status":"open","ping_status":"closed","template":"","meta":[],"product_brand":[],"product_cat":[18],"product_tag":[],"class_list":{"0":"post-22","1":"product","2":"type-product","3":"status-publish","4":"has-post-thumbnail","6":"product_cat-fruchtaufstriche","8":"first","9":"instock","10":"taxable","11":"shipping-taxable","12":"purchasable","13":"product-type-simple"},"_links":{"self":[{"href":"https:\/\/wunderbeeren.at\/genuss\/wp-json\/wp\/v2\/product\/22","targetHints":{"allow":["GET"]}}],"collection":[{"href":"https:\/\/wunderbeeren.at\/genuss\/wp-json\/wp\/v2\/product"}],"about":[{"href":"https:\/\/wunderbeeren.at\/genuss\/wp-json\/wp\/v2\/types\/product"}],"replies":[{"embeddable":true,"href":"https:\/\/wunderbeeren.at\/genuss\/wp-json\/wp\/v2\/comments?post=22"}],"wp:featuredmedia":[{"embeddable":true,"href":"https:\/\/wunderbeeren.at\/genuss\/wp-json\/wp\/v2\/media\/60"}],"wp:attachment":[{"href":"https:\/\/wunderbeeren.at\/genuss\/wp-json\/wp\/v2\/media?parent=22"}],"wp:term":[{"taxonomy":"product_brand","embeddable":true,"href":"https:\/\/wunderbeeren.at\/genuss\/wp-json\/wp\/v2\/product_brand?post=22"},{"taxonomy":"product_cat","embeddable":true,"href":"https:\/\/wunderbeeren.at\/genuss\/wp-json\/wp\/v2\/product_cat?post=22"},{"taxonomy":"product_tag","embeddable":true,"href":"https:\/\/wunderbeeren.at\/genuss\/wp-json\/wp\/v2\/product_tag?post=22"}],"curies":[{"name":"wp","href":"https:\/\/api.w.org\/{rel}","templated":true}]}}