{"id":21,"date":"2026-04-20T16:36:22","date_gmt":"2026-04-20T14:36:22","guid":{"rendered":"https:\/\/wunderbeeren.at\/genuss\/?post_type=product&#038;p=21"},"modified":"2026-04-24T16:56:59","modified_gmt":"2026-04-24T14:56:59","slug":"kuerbis-apfel-fruchtaufstrich","status":"publish","type":"product","link":"https:\/\/wunderbeeren.at\/genuss\/produkt\/kuerbis-apfel-fruchtaufstrich\/","title":{"rendered":"K\u00fcrbis-Apfel-Fruchtaufstrich"},"content":{"rendered":"<p>Wunderlich&#8217;s K\u00fcrbis-Apfel-Mamilade ist fruchtig, frech und s\u00fc\u00df. Mit dem s\u00fc\u00dfen K\u00fcrbis Gew\u00fcrz ist es der perfekte Fruchtaufstrich im Herbst!<\/p>\n<p>Unsere Marmelade besteht aus 33% K\u00fcrbissen aus eigenem Anbau und 33% aus \u00c4pfeln aus \u00d6sterreich. Verr\u00fchrt mit den verschiedenen Gew\u00fcrzen ergibt der Fruchtaufstrich\u00a0einen unverwechselbaren Geschmack.<\/p>\n<p>Liebevoll verpackt eignet sich unsere herbstliche Marmelade als kleines Geschenk oder als k\u00f6stliches Mitbringsel! L\u00e4sst Marmeladenherzen h\u00f6herschlagen.<\/p>\n<p>Der K\u00fcrbis-Apfel-Aufstrich schmeckt hervorragend als Brotaufstrich, als F\u00fclle in Kuchen oder \u00e4hnlichem oder pur aus dem Marmeladenglas. So lecker- von der Marmelade kann man nicht genug haben!<\/p>\n","protected":false},"excerpt":{"rendered":"<p>Fruchtig, frech und herrlich herbstlich: Wunderlich\u2019s K\u00fcrbis-Apfel-Marmelade vereint K\u00fcrbis aus eigenem Anbau und \u00f6sterreichische \u00c4pfel mit feinen Gew\u00fcrzen zu einem unverwechselbaren Geschmack. Perfekt als Brotaufstrich, zum Backen oder einfach pur genie\u00dfen. Liebevoll verpackt ist sie auch ein ideales Geschenk f\u00fcr alle Marmeladenliebhaber.<\/p>\n","protected":false},"featured_media":66,"comment_status":"open","ping_status":"closed","template":"","meta":[],"product_brand":[],"product_cat":[18],"product_tag":[],"class_list":{"0":"post-21","1":"product","2":"type-product","3":"status-publish","4":"has-post-thumbnail","6":"product_cat-fruchtaufstriche","8":"first","9":"instock","10":"taxable","11":"shipping-taxable","12":"purchasable","13":"product-type-simple"},"_links":{"self":[{"href":"https:\/\/wunderbeeren.at\/genuss\/wp-json\/wp\/v2\/product\/21","targetHints":{"allow":["GET"]}}],"collection":[{"href":"https:\/\/wunderbeeren.at\/genuss\/wp-json\/wp\/v2\/product"}],"about":[{"href":"https:\/\/wunderbeeren.at\/genuss\/wp-json\/wp\/v2\/types\/product"}],"replies":[{"embeddable":true,"href":"https:\/\/wunderbeeren.at\/genuss\/wp-json\/wp\/v2\/comments?post=21"}],"wp:featuredmedia":[{"embeddable":true,"href":"https:\/\/wunderbeeren.at\/genuss\/wp-json\/wp\/v2\/media\/66"}],"wp:attachment":[{"href":"https:\/\/wunderbeeren.at\/genuss\/wp-json\/wp\/v2\/media?parent=21"}],"wp:term":[{"taxonomy":"product_brand","embeddable":true,"href":"https:\/\/wunderbeeren.at\/genuss\/wp-json\/wp\/v2\/product_brand?post=21"},{"taxonomy":"product_cat","embeddable":true,"href":"https:\/\/wunderbeeren.at\/genuss\/wp-json\/wp\/v2\/product_cat?post=21"},{"taxonomy":"product_tag","embeddable":true,"href":"https:\/\/wunderbeeren.at\/genuss\/wp-json\/wp\/v2\/product_tag?post=21"}],"curies":[{"name":"wp","href":"https:\/\/api.w.org\/{rel}","templated":true}]}}