{"id":14,"date":"2026-04-15T05:34:53","date_gmt":"2026-04-15T03:34:53","guid":{"rendered":"https:\/\/wunderbeeren.at\/genuss\/?post_type=product&#038;p=14"},"modified":"2026-04-19T06:59:19","modified_gmt":"2026-04-19T04:59:19","slug":"erdbeer-sprizz","status":"publish","type":"product","link":"https:\/\/wunderbeeren.at\/genuss\/produkt\/erdbeer-sprizz\/","title":{"rendered":"Erdbeer Sprizz"},"content":{"rendered":"<h3>Erdbeer Spritz \u2013 Fruchtig. Prickelnd. Sommerlich.<\/h3>\n<p>Unser Erdbeer Spritz ist der perfekte Genuss f\u00fcr alle, die es leicht, fruchtig und erfrischend m\u00f6gen. Dieser aromatisierte, weinhaltige Cocktail vereint feinen Wein mit dem s\u00fc\u00df-fruchtigen Geschmack sonnengereifter Erdbeeren und einer angenehmen Spritzigkeit.<\/p>\n<p>Mit\u00a0<strong>5,5 % vol. Alkohol<\/strong>\u00a0ist der Erdbeer Spritz herrlich unkompliziert und ideal f\u00fcr laue Sommerabende, Gartenpartys oder als stilvoller Aperitif. Servierfertig abgef\u00fcllt in der handlichen\u00a0<strong>0,33-l-Flasche<\/strong>, sorgt er jederzeit f\u00fcr prickelnden Genuss \u2013 ganz ohne Mixen.<\/p>\n<h3>Highlights auf einen Blick:<\/h3>\n<ul>\n<li>Aromatisierter, weinhaltiger Cocktail<\/li>\n<li>Fruchtiger Erdbeergeschmack<\/li>\n<li>Angenehm leicht mit 5,5 % vol. Alkohol<\/li>\n<li>Prickelnd &amp; erfrischend<\/li>\n<li>Servierfertig in der 0,33-l-Flasche<\/li>\n<\/ul>\n<p><strong>Serviertipp:<\/strong>\u00a0Gut gek\u00fchlt genie\u00dfen, optional mit Eis und einer frischen Erdbeere garnieren.<\/p>\n<p>Der Erdbeer Spritz \u2013 ein Schluck Sommer, wann immer du willst. \ud83c\udf53\ud83e\udd42<\/p>\n","protected":false},"excerpt":{"rendered":"<div class=\"flex max-w-full flex-col gap-4\">\n<div class=\"min-h-8 text-message relative flex w-full flex-col items-end gap-2 text-start break-words whitespace-normal outline-none keyboard-focused:focus-ring [.text-message+&amp;]:mt-1\" dir=\"auto\" data-message-author-role=\"assistant\" data-message-id=\"7d1daf9c-516f-45aa-a936-c351ca03573d\" data-message-model-slug=\"gpt-5-3\">\n<div class=\"flex w-full flex-col gap-1 empty:hidden\">\n<div class=\"markdown prose dark:prose-invert w-full wrap-break-word light markdown-new-styling\">\n<p data-start=\"34\" data-end=\"219\" data-is-last-node=\"\" data-is-only-node=\"\">Unser Erdbeer Spritz ist ein fruchtig-prickelnder, weinhaltiger Cocktail mit feinem Erdbeergeschmack. Leicht, erfrischend und servierfertig \u2013 ideal f\u00fcr warme Tage und besondere Anl\u00e4sse.<\/p>\n<\/div>\n<\/div>\n<\/div>\n<\/div>\n<div class=\"flex items-center justify-center\"><\/div>\n","protected":false},"featured_media":64,"comment_status":"open","ping_status":"closed","template":"","meta":[],"product_brand":[],"product_cat":[17],"product_tag":[],"class_list":{"0":"post-14","1":"product","2":"type-product","3":"status-publish","4":"has-post-thumbnail","6":"product_cat-frizzante-sprizz","8":"first","9":"instock","10":"taxable","11":"shipping-taxable","12":"purchasable","13":"product-type-simple"},"_links":{"self":[{"href":"https:\/\/wunderbeeren.at\/genuss\/wp-json\/wp\/v2\/product\/14","targetHints":{"allow":["GET"]}}],"collection":[{"href":"https:\/\/wunderbeeren.at\/genuss\/wp-json\/wp\/v2\/product"}],"about":[{"href":"https:\/\/wunderbeeren.at\/genuss\/wp-json\/wp\/v2\/types\/product"}],"replies":[{"embeddable":true,"href":"https:\/\/wunderbeeren.at\/genuss\/wp-json\/wp\/v2\/comments?post=14"}],"wp:featuredmedia":[{"embeddable":true,"href":"https:\/\/wunderbeeren.at\/genuss\/wp-json\/wp\/v2\/media\/64"}],"wp:attachment":[{"href":"https:\/\/wunderbeeren.at\/genuss\/wp-json\/wp\/v2\/media?parent=14"}],"wp:term":[{"taxonomy":"product_brand","embeddable":true,"href":"https:\/\/wunderbeeren.at\/genuss\/wp-json\/wp\/v2\/product_brand?post=14"},{"taxonomy":"product_cat","embeddable":true,"href":"https:\/\/wunderbeeren.at\/genuss\/wp-json\/wp\/v2\/product_cat?post=14"},{"taxonomy":"product_tag","embeddable":true,"href":"https:\/\/wunderbeeren.at\/genuss\/wp-json\/wp\/v2\/product_tag?post=14"}],"curies":[{"name":"wp","href":"https:\/\/api.w.org\/{rel}","templated":true}]}}